{"id":6,"date":"2016-05-18T16:56:17","date_gmt":"2016-05-18T15:56:17","guid":{"rendered":"https:\/\/www.ade-demenagement.com\/?page_id=6"},"modified":"2023-12-04T10:35:52","modified_gmt":"2023-12-04T09:35:52","slug":"demenageur","status":"publish","type":"page","link":"https:\/\/www.ade-demenagement.com\/","title":{"rendered":"Ade d\u00e9m\u00e9nagement"},"content":{"rendered":"<div class=\"wp-block-image\">\n<figure class=\"alignright\"><img loading=\"lazy\" decoding=\"async\" width=\"300\" height=\"168\" src=\"https:\/\/www.ade-demenagement.com\/wp-content\/uploads\/2016\/05\/11.jpeg-300x168.jpg\" alt=\"11.jpeg\" class=\"wp-image-31\"\/><\/figure><\/div>\n\n\n<p>Passer ou par par une entreprise de d\u00e9m\u00e9nagement&nbsp;<\/p>\n\n\n\n<div id=\"textpreview\">\n<p>Le d\u00e9m\u00e9nagement est souvent le tournant d\u2019une nouvelle vie. Pour vous y aider, nous vous proposons un devis de d\u00e9m\u00e9nagement gratuitement.<\/p>\n<\/div>\n\n\n\n<div>Devis demenagement gratuit !<\/div>\n\n\n\n<h2 class=\"wp-block-heading\">D\u00e9m\u00e9nager avec des professionnels<\/h2>\n\n\n\n<div>\n<p>La mani\u00e8re la plus simple afin de d\u00e9m\u00e9nager sans encombre est de passer par des d\u00e9m\u00e9nageurs. Ainsi vous \u00e9viterez la plupart du stress que procure un d\u00e9m\u00e9nagement demenageur.com&nbsp;. De nombreuses entreprises de d\u00e9m\u00e9nagements existent. Il est possible d\u2019en trouver sur Internet ou dans les petites annonces mais il est pr\u00e9f\u00e9rable de choisir une <a href=\"http:\/\/www.demenageur.com\/devis-demenagement\/\" data-wplink-edit=\"true\">entreprise de d\u00e9m\u00e9nagement<\/a> certifi\u00e9 \u00ab NF Service \u00bb. L\u2019id\u00e9al est m\u00eame de demander 3 ou 4 devis diff\u00e9rents afin de les comparer. Au-del\u00e0 de ce nombre, les comparaisons seront trop longues. Vous pourrez m\u00eame essayer de n\u00e9gocier avec l\u2019entreprise de d\u00e9m\u00e9nagement. Hors saison, les entreprises seront plus enclines \u00e0 n\u00e9gocier. Mais lors de la mise en place des devis, il est conseill\u00e9 de ne cacher aucune information aux d\u00e9m\u00e9nageurs. Le mieux \u00e9tant m\u00eame de pouvoirs leur montrer ce qu\u2019ils vont transporter et de n\u2019oublier aucun d\u00e9tail qui pourrai g\u00eaner leur prestation. Souvent, de multiples formules existent qui va de l\u2019emballage des objets fragiles \u00e0 la protection des meubles et des matelas. A vous de voir quelle formule vous correspond le mieux. Le prix changera beaucoup selon le volume d\u00e9plac\u00e9 et la distance parcourue.<\/p>\n<\/div>\n\n\n\n<h2 class=\"wp-block-heading\">Jouer les d\u00e9m\u00e9nageurs<\/h2>\n\n\n\n<div>\n<p>Il existe une mani\u00e8re plus \u00e9conome de mettre en place un d\u00e9m\u00e9nagement, c\u2019est de le faire sois m\u00eame. Avec des amis ou avec la famille, une journ\u00e9e de d\u00e9m\u00e9nagement peut parfois \u00eatre une journ\u00e9e de fou-rires garantie. Il ne faut cependant pas oublier qu\u2019un d\u00e9m\u00e9nagement mal pr\u00e9par\u00e9 ne sera qu\u2019une succession de probl\u00e8mes. Il faut donc \u00e9valuer les distances avec pr\u00e9cautions afin de trouver la location la plus adapt\u00e9 si vous n\u2019avez pas de v\u00e9hicule adapt\u00e9. Il ne faut pas non plus sous-estimer le volume des affaires. Il permet de savoir combien de v\u00e9hicule seront n\u00e9cessaire \u00e0 la bonne r\u00e9alisation du d\u00e9m\u00e9nagement. L\u00e0 encore, procurez-vous plusieurs devis afin de savoir quelle entreprise vous offre les meilleures prestations en termes de location de v\u00e9hicule. Bien souvent, il vous faudra rajouter les frais d\u2019essence pour connaitre le co\u00fbt total de votre d\u00e9m\u00e9nagement. Des sites permettent d\u2019\u00e9valuer le volume et le nombre de carton de d\u00e9m\u00e9nagement n\u00e9cessaire de chaque pi\u00e8ce. Pour les cartons, si vous arrivez \u00e0 en r\u00e9cup\u00e9rer autour de vous ou au travail, cela vous \u00e9vitera de devoir les acheter. Si vous n\u2019en trouvez pas, certaines grandes surfaces ou petits magasins vous les c\u00e9derons s\u00fbrement facilement. N\u2019h\u00e9sitez pas \u00e0 aller v\u00e9rifier le trajet sur Internet et \u00e0 le refaire une fois afin de bien le connaitre pour le jour J.<\/p>\n<\/div>\n\n\n\n<h2 class=\"wp-block-heading\">Les petits d\u00e9tails des d\u00e9m\u00e9nagements<\/h2>\n\n\n\n<div>Pour r\u00e9ussir son d\u00e9m\u00e9nagement, les cartons de d\u00e9m\u00e9nagement ne sont pas les seuls choses essentielles. Quelques points sont \u00e0 v\u00e9rifier pour que le d\u00e9m\u00e9nagement se passe bien. Pensez d\u00e9j\u00e0 \u00e0 regarder quelle jours vous souhaitez partir afin d\u2019\u00e9viter de d\u00e9m\u00e9nager au mauvais moment. Il est \u00e9videment conseill\u00e9 de ne pas partir durant les vacances scolaires ou les veilles de jours f\u00e9ri\u00e9s. La fin du mois pendant le printemps sera la meilleur p\u00e9riode pour d\u00e9m\u00e9nager. Peu de gens seront pr\u00e9sent sur les routes et vous avez donc peu de chance de tomber dans des bouchons. N\u2019oubliez pas non plus de rep\u00e9rer la route et d\u2019aller faire \u00e0 tour \u00e0 votre destination. Vous gagnerez beaucoup de temps si vous savez par o\u00f9 passer pour vous rendre \u00e0 l\u2019\u00e9cole de vos enfants, \u00e0 la boulangerie ou au bureau. Il ne faudra pas oublier de s\u2019occuper des changements administratifs, aussi bien l\u2019eau ou l\u2019\u00e9lectricit\u00e9, que le courrier ou les assurances. Concernant l\u2019\u00e9cole, en plus de pr\u00e9venir la nouvelle \u00e9cole, vous devez leur fournir un certificat de radiation afin de pouvoir r\u00e9inscrire votre ou vos enfants. Enfin, d\u00e9m\u00e9nager sera la bonne occasion pour faire le tri. Vous pouvez en profiter pour jeter ou donner vos vieux meubles ainsi que toutes les affaires inutiles. Dans le cas o\u00f9 vous avez encore trop d\u2019objets, ou m\u00eame si le nouveau logement n\u2019est pas encore disponible, vous pouvez utiliser un garde-meubles ou bien d\u2019opter pour un \u00ab self stockage \u00bb. Enfin, vous pouvez voir avec la CAF si vous ne pouvez pas b\u00e9n\u00e9ficier d\u2019aider pour le d\u00e9m\u00e9nagement. Dans certaines conditions, vous arriverez \u00e0 \u00e9conomiser une petite somme d\u2019argent.<\/div>\n","protected":false},"excerpt":{"rendered":"<p>Passer ou par par une entreprise de d\u00e9m\u00e9nagement&nbsp; Le d\u00e9m\u00e9nagement est souvent le tournant d\u2019une nouvelle vie. Pour vous y aider, nous vous proposons un devis de d\u00e9m\u00e9nagement gratuitement. Devis demenagement gratuit ! D\u00e9m\u00e9nager avec des professionnels La mani\u00e8re la plus simple afin de d\u00e9m\u00e9nager sans encombre est de passer par des d\u00e9m\u00e9nageurs. Ainsi vous [&hellip;]<\/p>\n","protected":false},"author":1,"featured_media":0,"parent":0,"menu_order":0,"comment_status":"closed","ping_status":"closed","template":"","meta":{"_seopress_robots_primary_cat":"","_seopress_titles_title":"","_seopress_titles_desc":"","_seopress_robots_index":"","footnotes":""},"class_list":["post-6","page","type-page","status-publish","hentry"],"_links":{"self":[{"href":"https:\/\/www.ade-demenagement.com\/index.php\/wp-json\/wp\/v2\/pages\/6","targetHints":{"allow":["GET"]}}],"collection":[{"href":"https:\/\/www.ade-demenagement.com\/index.php\/wp-json\/wp\/v2\/pages"}],"about":[{"href":"https:\/\/www.ade-demenagement.com\/index.php\/wp-json\/wp\/v2\/types\/page"}],"author":[{"embeddable":true,"href":"https:\/\/www.ade-demenagement.com\/index.php\/wp-json\/wp\/v2\/users\/1"}],"replies":[{"embeddable":true,"href":"https:\/\/www.ade-demenagement.com\/index.php\/wp-json\/wp\/v2\/comments?post=6"}],"version-history":[{"count":9,"href":"https:\/\/www.ade-demenagement.com\/index.php\/wp-json\/wp\/v2\/pages\/6\/revisions"}],"predecessor-version":[{"id":98,"href":"https:\/\/www.ade-demenagement.com\/index.php\/wp-json\/wp\/v2\/pages\/6\/revisions\/98"}],"wp:attachment":[{"href":"https:\/\/www.ade-demenagement.com\/index.php\/wp-json\/wp\/v2\/media?parent=6"}],"curies":[{"name":"wp","href":"https:\/\/api.w.org\/{rel}","templated":true}]}}